{"id":1494,"date":"2020-12-30T22:42:26","date_gmt":"2020-12-30T22:42:26","guid":{"rendered":"https:\/\/ordinace.plesko.cz\/?page_id=1494"},"modified":"2023-07-24T14:39:40","modified_gmt":"2023-07-24T14:39:40","slug":"ordinacni-doba","status":"publish","type":"page","link":"https:\/\/ordinace.plesko.cz\/index.php\/ordinacni-doba\/","title":{"rendered":"Ordina\u010dn\u00ed doba"},"content":{"rendered":"\n<p>Pros\u00edm V\u00e1s, abyste se p\u0159ed p\u0159\u00edchodem do ordinace v\u017edy objednali telefonicky nebo p\u0159es aplikaci &#8222;sestra Emmy&#8220;<\/p>\n\n\n\n<p><\/p>\n\n\n\n<p class=\"has-text-align-center\"><strong>Odb\u011bry krve PO, \u00daT, ST a P\u00c1      7.00 &#8211; 7.30 hod.<\/strong><\/p>\n\n\n\n<figure class=\"wp-block-table aligncenter is-style-stripes\"><table><tbody><tr><td>Pond\u011bl\u00ed<\/td><td>7.00<\/td><td>14.00<\/td><td><\/td><\/tr><tr><td>\u00dater\u00fd<\/td><td>7.00<\/td><td>13.00<\/td><td><\/td><\/tr><tr><td>St\u0159eda<\/td><td>7.00<\/td><td>13.00<\/td><td><\/td><\/tr><tr><td>\u010ctvrtek<\/td><td><\/td><td>12.00<\/td><td>18.00<\/td><\/tr><tr><td>P\u00e1tek<\/td><td>7.00<\/td><td>12.00<\/td><td><\/td><\/tr><\/tbody><\/table><\/figure>\n","protected":false},"excerpt":{"rendered":"<p>Pros\u00edm V\u00e1s, abyste se p\u0159ed p\u0159\u00edchodem do ordinace v\u017edy objednali telefonicky nebo p\u0159es aplikaci &#8222;sestra Emmy&#8220; Odb\u011bry krve PO, \u00daT, ST a P\u00c1 7.00 &#8211; 7.30 hod. Pond\u011bl\u00ed 7.00 14.00 &#8230;<\/p>\n","protected":false},"author":5,"featured_media":0,"parent":0,"menu_order":0,"comment_status":"closed","ping_status":"closed","template":"template-fullwidth.php","meta":{"footnotes":""},"class_list":["post-1494","page","type-page","status-publish","hentry"],"_links":{"self":[{"href":"https:\/\/ordinace.plesko.cz\/index.php\/wp-json\/wp\/v2\/pages\/1494","targetHints":{"allow":["GET"]}}],"collection":[{"href":"https:\/\/ordinace.plesko.cz\/index.php\/wp-json\/wp\/v2\/pages"}],"about":[{"href":"https:\/\/ordinace.plesko.cz\/index.php\/wp-json\/wp\/v2\/types\/page"}],"author":[{"embeddable":true,"href":"https:\/\/ordinace.plesko.cz\/index.php\/wp-json\/wp\/v2\/users\/5"}],"replies":[{"embeddable":true,"href":"https:\/\/ordinace.plesko.cz\/index.php\/wp-json\/wp\/v2\/comments?post=1494"}],"version-history":[{"count":11,"href":"https:\/\/ordinace.plesko.cz\/index.php\/wp-json\/wp\/v2\/pages\/1494\/revisions"}],"predecessor-version":[{"id":1638,"href":"https:\/\/ordinace.plesko.cz\/index.php\/wp-json\/wp\/v2\/pages\/1494\/revisions\/1638"}],"wp:attachment":[{"href":"https:\/\/ordinace.plesko.cz\/index.php\/wp-json\/wp\/v2\/media?parent=1494"}],"curies":[{"name":"wp","href":"https:\/\/api.w.org\/{rel}","templated":true}]}}