{"id":1474,"date":"2020-12-30T22:01:51","date_gmt":"2020-12-30T22:01:51","guid":{"rendered":"https:\/\/ordinace.plesko.cz\/?page_id=1474"},"modified":"2021-01-06T18:04:10","modified_gmt":"2021-01-06T18:04:10","slug":"kontakty","status":"publish","type":"page","link":"https:\/\/ordinace.plesko.cz\/index.php\/kontakty\/","title":{"rendered":"Kontakty"},"content":{"rendered":"\n<p><strong>MUDr. Alena Ple\u0161kov\u00e1 s.r.o.<\/strong><\/p>\n\n\n\n<p>Na Lu\u017eci 718, L\u00e1zn\u011b Bohdane\u010d, 53341<\/p>\n\n\n\n<p>Tel.:      +420 466 921 086<\/p>\n\n\n\n<p>Email:   ordinace@plesko.cz<\/p>\n\n\n\n<p>I\u010cO:      04634993<\/p>\n\n\n\n<p>Dat. schr\u00e1nka:  s9hdvzc<\/p>\n\n\n\n<p><\/p>\n","protected":false},"excerpt":{"rendered":"<p>MUDr. Alena Ple\u0161kov\u00e1 s.r.o. Na Lu\u017eci 718, L\u00e1zn\u011b Bohdane\u010d, 53341 Tel.: +420 466 921 086 Email: ordinace@plesko.cz I\u010cO: 04634993 Dat. schr\u00e1nka: s9hdvzc<\/p>\n","protected":false},"author":5,"featured_media":0,"parent":0,"menu_order":0,"comment_status":"closed","ping_status":"closed","template":"template-fullwidth.php","meta":{"footnotes":""},"class_list":["post-1474","page","type-page","status-publish","hentry"],"_links":{"self":[{"href":"https:\/\/ordinace.plesko.cz\/index.php\/wp-json\/wp\/v2\/pages\/1474","targetHints":{"allow":["GET"]}}],"collection":[{"href":"https:\/\/ordinace.plesko.cz\/index.php\/wp-json\/wp\/v2\/pages"}],"about":[{"href":"https:\/\/ordinace.plesko.cz\/index.php\/wp-json\/wp\/v2\/types\/page"}],"author":[{"embeddable":true,"href":"https:\/\/ordinace.plesko.cz\/index.php\/wp-json\/wp\/v2\/users\/5"}],"replies":[{"embeddable":true,"href":"https:\/\/ordinace.plesko.cz\/index.php\/wp-json\/wp\/v2\/comments?post=1474"}],"version-history":[{"count":7,"href":"https:\/\/ordinace.plesko.cz\/index.php\/wp-json\/wp\/v2\/pages\/1474\/revisions"}],"predecessor-version":[{"id":1556,"href":"https:\/\/ordinace.plesko.cz\/index.php\/wp-json\/wp\/v2\/pages\/1474\/revisions\/1556"}],"wp:attachment":[{"href":"https:\/\/ordinace.plesko.cz\/index.php\/wp-json\/wp\/v2\/media?parent=1474"}],"curies":[{"name":"wp","href":"https:\/\/api.w.org\/{rel}","templated":true}]}}