{"id":1435,"date":"2020-12-30T20:17:09","date_gmt":"2020-12-30T20:17:09","guid":{"rendered":"https:\/\/ordinace.plesko.cz\/?page_id=1435"},"modified":"2020-12-30T22:19:11","modified_gmt":"2020-12-30T22:19:11","slug":"gdpr","status":"publish","type":"page","link":"https:\/\/ordinace.plesko.cz\/index.php\/gdpr\/","title":{"rendered":"GDPR"},"content":{"rendered":"\n<figure class=\"wp-block-table\"><table><tbody><tr><td>S osobn\u00edmi\u00a0 daty pacient\u016f nakl\u00e1d\u00e1me v\u00a0 souladu s\u00a0 na\u0159\u00edzen\u00edm o ochran\u011b osobn\u00edch \u00fadaj\u016f a\u00a0byla\u00a0 p\u0159ijata technicko-organiza\u010dn\u00ed opat\u0159en\u00ed p\u0159i\u00a0 zpracov\u00e1n\u00ed osobn\u00edch \u00fadaj\u016f.<br><br>I<strong>NFORMACE PRO PACIENTY O ZPRACOV\u00c1N\u00cd OSOBN\u00cdCH \u00daDAJ\u016e<\/strong><br><br>podle na\u0159\u00edzen\u00ed Evropsk\u00e9ho parlamentu a Rady (EU) 2016\/679 ze dne 27. dubna 2016 o ochran\u011b fyzick\u00fdch osob v souvislosti se zpracov\u00e1n\u00edm osobn\u00edch \u00fadaj\u016f a o voln\u00e9m pohybu t\u011bchto \u00fadaj\u016f a o zru\u0161en\u00ed sm\u011brnice 95\/46\/ES (obecn\u00e9 na\u0159\u00edzen\u00ed o ochran\u011b osobn\u00edch \u00fadaj\u016f)<br><br><strong>Spr\u00e1vce osobn\u00edch \u00fadaj\u016f<\/strong><br>MUDr. Alena Ple\u0161kov\u00e1 s.r.o.\u00a0\u00a0<br>I\u010cO\u00a004634993 Na Lu\u017eci 718 <br>L\u00e1zn\u011b Bohdane\u010d, 53341<br><a href=\"mailto:mail@jsejkorova.cz\">ordinace@plesko.cz<\/a><br><br>Spr\u00e1vce je poskytovatelem zdravotn\u00edch slu\u017eeb v\u00a0souladu se z\u00e1konem \u010d. 372\/2011 Sb., o zdravotn\u00edch slu\u017eb\u00e1ch a podm\u00ednk\u00e1ch jejich poskytov\u00e1n\u00ed, ve zn\u011bn\u00ed pozd\u011bj\u0161\u00edch p\u0159edpis\u016f.<br><br><strong>\u00da\u010del\/y zpracov\u00e1n\u00ed osobn\u00edch \u00fadaj\u016f<\/strong><br>Va\u0161e osobn\u00ed \u00fadaje zpracov\u00e1v\u00e1me za \u00fa\u010delem poskytov\u00e1n\u00ed zdravotn\u00edch slu\u017eeb, vykazov\u00e1n\u00ed hrazen\u00fdch zdravotn\u00edch slu\u017eeb, vy\u00fa\u010dtov\u00e1n\u00ed nehrazen\u00fdch zdravotn\u00edch slu\u017eeb, sd\u011blov\u00e1n\u00ed \u00fadaj\u016f o zdravotn\u00edm stavu V\u00e1m a dal\u0161\u00edm opr\u00e1vn\u011bn\u00fdm osob\u00e1m, organizace poskytov\u00e1n\u00ed zdravotn\u00edch slu\u017eeb (objedn\u00e1v\u00e1n\u00ed pacient\u016f), veden\u00ed evidence o na\u0161ich p\u0159\u00edjmech a v\u00fddaj\u00edch, p\u0159ijat\u00fdch platb\u00e1ch a o hospoda\u0159en\u00ed, jak vypl\u00fdvaj\u00ed z\u00a0p\u0159edpis\u016f upravuj\u00edc\u00edch dan\u011b a \u00fa\u010detnictv\u00ed.<br><br><strong>Pr\u00e1vn\u00ed z\u00e1klad zpracov\u00e1n\u00ed osobn\u00edch \u00fadaj\u016f<\/strong><br>Pr\u00e1vn\u00edm z\u00e1kladem pro zpracov\u00e1n\u00ed Va\u0161ich osobn\u00edch \u00fadaj\u016f uveden\u00fdch v\u00a0bodu II. je spln\u011bn\u00ed na\u0161\u00ed z\u00e1konn\u00e9 povinnosti (zejm\u00e9na z\u00e1kon \u010d. 372\/2011 Sb., o zdravotn\u00edch slu\u017eb\u00e1ch a podm\u00ednk\u00e1ch jejich poskytov\u00e1n\u00ed, z\u00e1kon \u010d. 48\/1997 Sb., o ve\u0159ejn\u00e9m zdravotn\u00edm poji\u0161t\u011bn\u00ed, z\u00e1kon \u010d. 563\/1991 Sb., o \u00fa\u010detnictv\u00ed, z\u00e1kon \u010d. 586\/1992 Sb., o dan\u00edch z\u00a0p\u0159\u00edjm\u016f, z\u00e1kon \u010d. 634\/1992, o ochran\u011b spot\u0159ebitele)spln\u011bn\u00ed z\u00e1vazk\u016f ze smlouvy o p\u00e9\u010di o zdrav\u00ed, na jej\u00edm\u017e z\u00e1klad\u011b V\u00e1m poskytujeme zdravotn\u00ed slu\u017eby (tato smlouva nemus\u00ed b\u00fdt uzav\u0159ena p\u00edsemn\u011b).<br><br><strong>P\u0159\u00edjemci osobn\u00edch \u00fadaj\u016f<\/strong><br>P\u0159\u00edjemci Va\u0161ich osobn\u00edch \u00fadaj\u016f mohou v souladu s ustanoven\u00edmi pr\u00e1vn\u00edch p\u0159edpis\u016f v konkr\u00e9tn\u00edch p\u0159\u00edpadech krom\u011b V\u00e1s b\u00fdt: poskytovatel zdravotn\u00edch slu\u017eeb, org\u00e1ny ve\u0159ejn\u00e9 moci a osoby opr\u00e1vn\u011bn\u00e9 nahl\u00ed\u017eet do zdravotnick\u00e9 dokumentace podle \u00a7 31, \u00a7 32, \u00a7 33 a \u00a7 65 z\u00e1kona \u010d. 372\/2011 Sb., o zdravotn\u00edch slu\u017eb\u00e1ch a podm\u00ednk\u00e1ch jejich poskytov\u00e1n\u00ed. Osobn\u00ed \u00fadaje mohou b\u00fdt pro zaji\u0161t\u011bn\u00ed v\u00fd\u0161e popsan\u00fdch \u00fa\u010del\u016f zpracov\u00e1v\u00e1ny vedle spr\u00e1vce tak\u00e9 zpracovateli, a to na z\u00e1klad\u011b smluv o zpracov\u00e1n\u00ed osobn\u00edch \u00fadaj\u016f uzav\u0159en\u00fdch v souladu s obecn\u00fdm na\u0159\u00edzen\u00edm o ochran\u011b osobn\u00edch \u00fadaj\u016f. Va\u0161e osobn\u00ed \u00fadaje nep\u0159ed\u00e1v\u00e1me do zahrani\u010d\u00ed.<br><br><strong>Doba zpracov\u00e1n\u00ed osobn\u00edch \u00fadaj\u016f<\/strong><br>Osobn\u00ed \u00fadaje obsa\u017een\u00e9 ve zdravotnick\u00e9 dokumentaci jsou zpracov\u00e1v\u00e1ny po dobu stanovenou vyhl\u00e1\u0161kou \u010d. 98\/2012 Sb., o zdravotnick\u00e9 dokumentaci. Osobn\u00ed \u00fadaje zpracov\u00e1van\u00e9 pro dal\u0161\u00ed \u00fa\u010dely uveden\u00e9 v\u00a0bodu III jsou zpracov\u00e1v\u00e1ny po dobu stanovenou z\u00e1konem nebo po dobu, po kterou budete na\u0161\u00edm pacientem, a n\u00e1sledn\u011b po dobu jednoho roku pot\u00e9, co na\u0161\u00edm pacientem p\u0159estanete b\u00fdt.<br><br><strong>Pr\u00e1va subjektu \u00fadaj\u016f<\/strong><br>P\u0159i zpracov\u00e1n\u00ed osobn\u00edch \u00fadaj\u016f m\u00e1te n\u00e1sleduj\u00edc\u00ed pr\u00e1va t\u00fdkaj\u00edc\u00ed se ochrany sv\u00fdch osobn\u00edch \u00fadaj\u016f: pr\u00e1vo po\u017eadovat od n\u00e1s\u00a0p\u0159\u00edstup k\u00a0Va\u0161im osobn\u00edm \u00fadaj\u016fm; pr\u00e1vo na opravu Va\u0161ich osobn\u00edch \u00fadaj\u016f, kter\u00e9 zpracov\u00e1v\u00e1me; pr\u00e1vo na omezen\u00ed zpracov\u00e1n\u00ed. Omezen\u00ed zpracov\u00e1n\u00ed znamen\u00e1, \u017ee mus\u00edme Va\u0161e osobn\u00ed \u00fadaje, u nich\u017e bylo zpracov\u00e1n\u00ed omezeno, ozna\u010dit a po dobu trv\u00e1n\u00ed omezen\u00ed je nesm\u00edme d\u00e1l zpracov\u00e1vat s\u00a0v\u00fdjimkou jejich ulo\u017een\u00ed. Pr\u00e1vo na omezen\u00ed zpracov\u00e1n\u00ed m\u00e1te tehdy, jestli\u017ee pop\u00edr\u00e1te p\u0159esnost osobn\u00edch \u00fadaj\u016f, a to na dobu pot\u0159ebnou k tomu, abychom mohli p\u0159esnost osobn\u00edch \u00fadaj\u016f ov\u011b\u0159it; zpracov\u00e1n\u00ed je protipr\u00e1vn\u00ed a Vy odm\u00edt\u00e1te v\u00fdmaz osobn\u00edch \u00fadaj\u016f a \u017e\u00e1d\u00e1te m\u00edsto toho o omezen\u00ed jejich pou\u017eit\u00ed; jestli\u017ee ji\u017e Va\u0161e osobn\u00ed \u00fadaje nepot\u0159ebujeme pro \u00fa\u010dely zpracov\u00e1n\u00ed, ale Vy je po\u017eadujete pro ur\u010den\u00ed, v\u00fdkon nebo obhajobu pr\u00e1vn\u00edch n\u00e1rok\u016f; jestli\u017ee jste vznesl\/a n\u00e1mitku proti zpracov\u00e1n\u00ed uvedenou n\u00ed\u017ee v\u00a0bodu VII., dokud nebude ov\u011b\u0159eno, zda na\u0161e opr\u00e1vn\u011bn\u00e9 d\u016fvody pro zpracov\u00e1n\u00ed p\u0159eva\u017euj\u00ed nad Va\u0161imi z\u00e1jmy nebo pr\u00e1vy a svobodami; pr\u00e1vo na v\u00fdmaz osobn\u00edch \u00fadaj\u016f. Pr\u00e1vo na v\u00fdmaz osobn\u00edch \u00fadaj\u016f se vztahuje jen na osobn\u00ed \u00fadaje, kter\u00e9 zpracov\u00e1v\u00e1me k\u00a0jin\u00fdm \u00fa\u010del\u016fm, ne\u017e je poskytov\u00e1n\u00ed zdravotn\u00edch slu\u017eeb. \u00dadaje, kter\u00e9 o V\u00e1s vedeme za \u00fa\u010delem poskytov\u00e1n\u00ed zdravotn\u00edch slu\u017eeb (nap\u0159. ve zdravotnick\u00e9 dokumentaci), vymazat nesm\u00edme; pr\u00e1vo na p\u0159enositelnost \u00fadaj\u016f. M\u016f\u017eete \u017e\u00e1dat, abychom V\u00e1m Va\u0161e osobn\u00ed \u00fadaje poskytli za \u00fa\u010delem jejich p\u0159ed\u00e1n\u00ed jin\u00e9mu spr\u00e1vci osobn\u00edch \u00fadaj\u016f, nebo abychom je sami p\u0159edali jin\u00e9mu spr\u00e1vci osobn\u00edch \u00fadaj\u016f. Toto pr\u00e1vo v\u0161ak m\u00e1te pouze ohledn\u011b t\u011bch \u00fadaj\u016f, kter\u00e9 zpracov\u00e1v\u00e1me automatizovan\u011b na z\u00e1klad\u011b Va\u0161eho souhlasu nebo smlouvy s\u00a0V\u00e1mi. \u00dadaje, kter\u00e9 o V\u00e1s vedeme za \u00fa\u010delem poskytov\u00e1n\u00ed zdravotn\u00edch slu\u017eeb (nap\u0159. ve zdravotnick\u00e9 dokumentaci), v\u0161ak sm\u00edme poskytnout jen V\u00e1m a za z\u00e1konn\u00fdch podm\u00ednek t\u00e9\u017e jin\u00e9mu poskytovateli zdravotn\u00edch slu\u017eeb nebo org\u00e1nu ve\u0159ejn\u00e9 moci. Pr\u00e1vo podat st\u00ed\u017enost u dozorov\u00e9ho \u00fa\u0159adu, a to v p\u0159\u00edpad\u011b, \u017ee se domn\u00edv\u00e1te, \u017ee zpracov\u00e1n\u00edm osobn\u00edch \u00fadaj\u016f doch\u00e1z\u00ed k poru\u0161en\u00ed pr\u00e1vn\u00edch p\u0159edpis\u016f o ochran\u011b osobn\u00edch \u00fadaj\u016f. St\u00ed\u017enost m\u016f\u017eete podat u dozorov\u00e9ho \u00fa\u0159adu v m\u00edst\u011b sv\u00e9ho obvykl\u00e9ho bydli\u0161t\u011b, m\u00edst\u011b v\u00fdkonu zam\u011bstn\u00e1n\u00ed nebo v m\u00edst\u011b, kde do\u0161lo k \u00fadajn\u00e9mu poru\u0161en\u00ed. V\u00a0\u010cesk\u00e9 republice je dozorov\u00fdm \u00fa\u0159adem \u00da\u0159ad na ochranu osobn\u00edch \u00fadaj\u016f, Pplk. Sochora 27, 170 00 Praha 7, www.uoou.cz.<br><br><strong>Pr\u00e1vo vzn\u00e9st n\u00e1mitku proti zpracov\u00e1n\u00ed<\/strong><br>V p\u0159\u00edpad\u011b, \u017ee Va\u0161e osobn\u00ed \u00fadaje zpracov\u00e1v\u00e1me pro \u00fa\u010dely opr\u00e1vn\u011bn\u00fdch z\u00e1jm\u016f na\u0161ich nebo n\u011bkoho dal\u0161\u00edho (pr\u00e1vn\u00ed z\u00e1klady zpracov\u00e1n\u00ed jsou uvedeny v\u00a0bodu III), m\u00e1te kdykoliv pr\u00e1vo vzn\u00e9st proti takov\u00e9mu zpracov\u00e1n\u00ed n\u00e1mitku. N\u00e1mitku m\u016f\u017eete vzn\u00e9st na na\u0161\u00ed adrese uveden\u00e9 v\u00a0bodu I. Pokud takovou n\u00e1mitku vznesete, budeme opr\u00e1vn\u011bni v\u00a0takov\u00e9m zpracov\u00e1n\u00ed pokra\u010dovat jen tehdy, pokud prok\u00e1\u017eeme z\u00e1va\u017en\u00e9 opr\u00e1vn\u011bn\u00e9 d\u016fvody pro zpracov\u00e1n\u00ed, kter\u00e9 p\u0159eva\u017euj\u00ed nad Va\u0161imi z\u00e1jmy nebo pr\u00e1vy a svobodami, a d\u00e1le tehdy, pokud p\u016fjde o zpracov\u00e1n\u00ed nezbytn\u00e9 pro ur\u010den\u00ed, v\u00fdkon nebo obhajobu pr\u00e1vn\u00edch n\u00e1rok\u016f.<br><br><strong>Povinn\u00e9 zpracov\u00e1n\u00ed a povinnost poskytnout osobn\u00ed \u00fadaje<\/strong><br>Zpracov\u00e1n\u00ed Va\u0161ich osobn\u00edch \u00fadaj\u016f pro \u00fa\u010dely poskytov\u00e1n\u00ed zdravotn\u00edch slu\u017eeb je z\u00e1konn\u00fdm po\u017eadavkem. Neposkytnut\u00edm Va\u0161ich osobn\u00edch \u00fadaj\u016f m\u016f\u017ee znamenat, \u017ee V\u00e1m nebudeme moci poskytnout zdravotn\u00ed slu\u017eby, \u010d\u00edm\u017e m\u016f\u017ee doj\u00edt k po\u0161kozen\u00ed Va\u0161eho zdrav\u00ed \u010di p\u0159\u00edm\u00e9mu ohro\u017een\u00ed \u017eivota (\u00a7 41 odst.1 p\u00edsm. d) z\u00e1kona \u010d. 372\/2011 Sb., o zdravotn\u00edch slu\u017eb\u00e1ch a podm\u00ednk\u00e1ch jejich poskytov\u00e1n\u00ed). Povinnost poskytnout osobn\u00ed \u00fadaje pacienta se t\u00fdk\u00e1 i jeho z\u00e1konn\u00e9ho z\u00e1stupce nebo opatrovn\u00edka (\u00a7 41 odst. 2 z\u00e1kona \u010d. 372\/2011 Sb., o zdravotn\u00edch slu\u017eb\u00e1ch a podm\u00ednk\u00e1ch jejich poskytov\u00e1n\u00ed).<br><br>V\u00a0L\u00e1zn\u00edch Bohdan\u010di  01.01.2021<\/td><\/tr><\/tbody><\/table><\/figure>\n\n\n\n<p><\/p>\n\n\n\n<p><\/p>\n","protected":false},"excerpt":{"rendered":"<p>S osobn\u00edmi\u00a0 daty pacient\u016f nakl\u00e1d\u00e1me v\u00a0 souladu s\u00a0 na\u0159\u00edzen\u00edm o ochran\u011b osobn\u00edch \u00fadaj\u016f a\u00a0byla\u00a0 p\u0159ijata technicko-organiza\u010dn\u00ed opat\u0159en\u00ed p\u0159i\u00a0 zpracov\u00e1n\u00ed osobn\u00edch \u00fadaj\u016f. INFORMACE PRO PACIENTY O ZPRACOV\u00c1N\u00cd OSOBN\u00cdCH \u00daDAJ\u016e podle na\u0159\u00edzen\u00ed &#8230;<\/p>\n","protected":false},"author":4,"featured_media":0,"parent":0,"menu_order":0,"comment_status":"closed","ping_status":"closed","template":"template-fullwidth.php","meta":{"footnotes":""},"class_list":["post-1435","page","type-page","status-publish","hentry"],"_links":{"self":[{"href":"https:\/\/ordinace.plesko.cz\/index.php\/wp-json\/wp\/v2\/pages\/1435","targetHints":{"allow":["GET"]}}],"collection":[{"href":"https:\/\/ordinace.plesko.cz\/index.php\/wp-json\/wp\/v2\/pages"}],"about":[{"href":"https:\/\/ordinace.plesko.cz\/index.php\/wp-json\/wp\/v2\/types\/page"}],"author":[{"embeddable":true,"href":"https:\/\/ordinace.plesko.cz\/index.php\/wp-json\/wp\/v2\/users\/4"}],"replies":[{"embeddable":true,"href":"https:\/\/ordinace.plesko.cz\/index.php\/wp-json\/wp\/v2\/comments?post=1435"}],"version-history":[{"count":4,"href":"https:\/\/ordinace.plesko.cz\/index.php\/wp-json\/wp\/v2\/pages\/1435\/revisions"}],"predecessor-version":[{"id":1484,"href":"https:\/\/ordinace.plesko.cz\/index.php\/wp-json\/wp\/v2\/pages\/1435\/revisions\/1484"}],"wp:attachment":[{"href":"https:\/\/ordinace.plesko.cz\/index.php\/wp-json\/wp\/v2\/media?parent=1435"}],"curies":[{"name":"wp","href":"https:\/\/api.w.org\/{rel}","templated":true}]}}